{"id":697,"date":"2021-12-08T15:41:21","date_gmt":"2021-12-08T14:41:21","guid":{"rendered":"https:\/\/www.distillerie-mette.com\/?page_id=697"},"modified":"2022-07-25T17:52:30","modified_gmt":"2022-07-25T15:52:30","slug":"terms-and-conditions","status":"publish","type":"page","link":"https:\/\/www.distillerie-mette.com\/en\/terms-and-conditions\/","title":{"rendered":"Terms and conditions"},"content":{"rendered":"\t\t<div data-elementor-type=\"wp-page\" data-elementor-id=\"697\" class=\"elementor elementor-697 elementor-224\">\n\t\t\t\t\t\t<section class=\"elementor-section elementor-top-section elementor-element elementor-element-d375b51 elementor-section-boxed elementor-section-height-default elementor-section-height-default qodef-elementor-content-no\" data-id=\"d375b51\" data-element_type=\"section\" data-e-type=\"section\">\n\t\t\t\t\t\t<div class=\"elementor-container elementor-column-gap-default\">\n\t\t\t\t\t<div class=\"elementor-column elementor-col-100 elementor-top-column elementor-element elementor-element-ac08969\" data-id=\"ac08969\" data-element_type=\"column\" data-e-type=\"column\">\n\t\t\t<div class=\"elementor-widget-wrap elementor-element-populated\">\n\t\t\t\t\t\t<div class=\"elementor-element elementor-element-6c88142 elementor-widget elementor-widget-heading\" data-id=\"6c88142\" data-element_type=\"widget\" data-e-type=\"widget\" data-widget_type=\"heading.default\">\n\t\t\t\t<div class=\"elementor-widget-container\">\n\t\t\t\t\t<h1 class=\"elementor-heading-title elementor-size-default\">Terms and conditions<\/h1>\t\t\t\t<\/div>\n\t\t\t\t<\/div>\n\t\t\t\t<div class=\"elementor-element elementor-element-554cd0d elementor-widget elementor-widget-text-editor\" data-id=\"554cd0d\" data-element_type=\"widget\" data-e-type=\"widget\" data-widget_type=\"text-editor.default\">\n\t\t\t\t<div class=\"elementor-widget-container\">\n\t\t\t\t\t\t\t\t\t<p>Les pr\u00e9sentes Conditions G\u00e9n\u00e9rales de Vente s\u2019appliquent \u00e0 l\u2019exclusion de toutes autres conditions, notamment celles en vigueur pour les ventes effectu\u00e9es directement \u00e0 la Distillerie Jean Paul Mett\u00e9.<\/p>\n<p>Les commandes pass\u00e9es par l\u2019interm\u00e9diaire du site DISTILLERIE-METTE.COM sont soumises de plein droit aux pr\u00e9sentes Conditions G\u00e9n\u00e9rales.<\/p>\t\t\t\t\t\t\t\t<\/div>\n\t\t\t\t<\/div>\n\t\t\t\t<div class=\"elementor-element elementor-element-4b3d8b6 elementor-widget elementor-widget-toggle\" data-id=\"4b3d8b6\" data-element_type=\"widget\" data-e-type=\"widget\" data-widget_type=\"toggle.default\">\n\t\t\t\t<div class=\"elementor-widget-container\">\n\t\t\t\t\t\t\t<div class=\"elementor-toggle\">\n\t\t\t\t\t\t\t<div class=\"elementor-toggle-item\">\n\t\t\t\t\t<div id=\"elementor-tab-title-7881\" class=\"elementor-tab-title\" data-tab=\"1\" role=\"button\" aria-controls=\"elementor-tab-content-7881\" aria-expanded=\"false\">\n\t\t\t\t\t\t\t\t\t\t\t\t<span class=\"elementor-toggle-icon elementor-toggle-icon-left\" aria-hidden=\"true\">\n\t\t\t\t\t\t\t\t\t\t\t\t\t\t\t<span class=\"elementor-toggle-icon-closed\"><i class=\"fas fa-caret-right\"><\/i><\/span>\n\t\t\t\t\t\t\t\t<span class=\"elementor-toggle-icon-opened\"><i class=\"elementor-toggle-icon-opened fas fa-caret-up\"><\/i><\/span>\n\t\t\t\t\t\t\t\t\t\t\t\t\t<\/span>\n\t\t\t\t\t\t\t\t\t\t\t\t<a class=\"elementor-toggle-title\" tabindex=\"0\">Article 1 \u2013 Commande<\/a>\n\t\t\t\t\t<\/div>\n\n\t\t\t\t\t<div id=\"elementor-tab-content-7881\" class=\"elementor-tab-content elementor-clearfix\" data-tab=\"1\" role=\"region\" aria-labelledby=\"elementor-tab-title-7881\">Vous pouvez commander :\n<ul>\n \t<li>en ligne par l\u2019interm\u00e9diaire du site DISTILLERIE-METTE.COM<\/li>\n \t<li>par t\u00e9l\u00e9phone au <a href=\"javascript:YJ5f7i__fstH__5Hskx__('Zbbbghfbedgg');\"><span class=\"ZQMKP_\">88&#x2e;56&#x2e;37&#x2e;98&#x2e;30<\/span><\/a> du lundi au vendredi de 9h \u00e0 12h puis 14h \u00e0 18h<\/li>\n<\/ul><\/div>\n\t\t\t\t<\/div>\n\t\t\t\t\t\t\t<div class=\"elementor-toggle-item\">\n\t\t\t\t\t<div id=\"elementor-tab-title-7882\" class=\"elementor-tab-title\" data-tab=\"2\" role=\"button\" aria-controls=\"elementor-tab-content-7882\" aria-expanded=\"false\">\n\t\t\t\t\t\t\t\t\t\t\t\t<span class=\"elementor-toggle-icon elementor-toggle-icon-left\" aria-hidden=\"true\">\n\t\t\t\t\t\t\t\t\t\t\t\t\t\t\t<span class=\"elementor-toggle-icon-closed\"><i class=\"fas fa-caret-right\"><\/i><\/span>\n\t\t\t\t\t\t\t\t<span class=\"elementor-toggle-icon-opened\"><i class=\"elementor-toggle-icon-opened fas fa-caret-up\"><\/i><\/span>\n\t\t\t\t\t\t\t\t\t\t\t\t\t<\/span>\n\t\t\t\t\t\t\t\t\t\t\t\t<a class=\"elementor-toggle-title\" tabindex=\"0\">Article 2 \u2013 Validation de la commande<\/a>\n\t\t\t\t\t<\/div>\n\n\t\t\t\t\t<div id=\"elementor-tab-content-7882\" class=\"elementor-tab-content elementor-clearfix\" data-tab=\"2\" role=\"region\" aria-labelledby=\"elementor-tab-title-7882\"><p>Vous d\u00e9clarez avoir pris connaissance et accept\u00e9 les pr\u00e9sentes Conditions G\u00e9n\u00e9rales de Vente \u00e0 la validation de votre commande. La validation de votre commande vaut donc acceptation pure et simple des pr\u00e9sentes Conditions G\u00e9n\u00e9rales de Vente.<\/p><\/div>\n\t\t\t\t<\/div>\n\t\t\t\t\t\t\t<div class=\"elementor-toggle-item\">\n\t\t\t\t\t<div id=\"elementor-tab-title-7883\" class=\"elementor-tab-title\" data-tab=\"3\" role=\"button\" aria-controls=\"elementor-tab-content-7883\" aria-expanded=\"false\">\n\t\t\t\t\t\t\t\t\t\t\t\t<span class=\"elementor-toggle-icon elementor-toggle-icon-left\" aria-hidden=\"true\">\n\t\t\t\t\t\t\t\t\t\t\t\t\t\t\t<span class=\"elementor-toggle-icon-closed\"><i class=\"fas fa-caret-right\"><\/i><\/span>\n\t\t\t\t\t\t\t\t<span class=\"elementor-toggle-icon-opened\"><i class=\"elementor-toggle-icon-opened fas fa-caret-up\"><\/i><\/span>\n\t\t\t\t\t\t\t\t\t\t\t\t\t<\/span>\n\t\t\t\t\t\t\t\t\t\t\t\t<a class=\"elementor-toggle-title\" tabindex=\"0\">Article 3 \u2013 Prix<\/a>\n\t\t\t\t\t<\/div>\n\n\t\t\t\t\t<div id=\"elementor-tab-content-7883\" class=\"elementor-tab-content elementor-clearfix\" data-tab=\"3\" role=\"region\" aria-labelledby=\"elementor-tab-title-7883\"><p>Les prix qui figurent sur le site internet DISTILLERIE-METTE.COM sont indiqu\u00e9s en euros toutes taxes comprises. Ils comprennent notamment la TVA et toutes autres taxes applicables aux produits concern\u00e9s, hors frais de livraison.<br \/>La Distillerie Jean Paul METTE se r\u00e9serve le droit de modifier ses prix \u00e0 tout moment. Les commandes seront factur\u00e9es sur la base des tarifs en vigueur au moment de leur validation sur le site DISTILLERIE-METTE.COM<\/p><\/div>\n\t\t\t\t<\/div>\n\t\t\t\t\t\t\t<div class=\"elementor-toggle-item\">\n\t\t\t\t\t<div id=\"elementor-tab-title-7884\" class=\"elementor-tab-title\" data-tab=\"4\" role=\"button\" aria-controls=\"elementor-tab-content-7884\" aria-expanded=\"false\">\n\t\t\t\t\t\t\t\t\t\t\t\t<span class=\"elementor-toggle-icon elementor-toggle-icon-left\" aria-hidden=\"true\">\n\t\t\t\t\t\t\t\t\t\t\t\t\t\t\t<span class=\"elementor-toggle-icon-closed\"><i class=\"fas fa-caret-right\"><\/i><\/span>\n\t\t\t\t\t\t\t\t<span class=\"elementor-toggle-icon-opened\"><i class=\"elementor-toggle-icon-opened fas fa-caret-up\"><\/i><\/span>\n\t\t\t\t\t\t\t\t\t\t\t\t\t<\/span>\n\t\t\t\t\t\t\t\t\t\t\t\t<a class=\"elementor-toggle-title\" tabindex=\"0\">Article 4 \u2013 Conditions de Paiement<\/a>\n\t\t\t\t\t<\/div>\n\n\t\t\t\t\t<div id=\"elementor-tab-content-7884\" class=\"elementor-tab-content elementor-clearfix\" data-tab=\"4\" role=\"region\" aria-labelledby=\"elementor-tab-title-7884\"><p>La Distillerie Jean Paul METTE a adopt\u00e9 les proc\u00e9d\u00e9s de cryptage les plus avanc\u00e9s afin de vous garantir une s\u00e9curit\u00e9 de paiement maximale sur le site DISTILLERIE-METTE.COM. L\u2019int\u00e9gralit\u00e9 de vos donn\u00e9es bancaires et personnelles dans le cadre d\u2019un paiement sur le site DISTILLERIE-METTE.COM est rendu absolument inaccessible par le protocole de s\u00e9curisation SSL.<\/p><p>Vous pouvez r\u00e9gler vos achats sur notre site DISTILLERIE-METTE.COM des mani\u00e8res suivantes :<\/p><ul><li>Par carte de cr\u00e9dit<\/li><\/ul><p>Vous pouvez r\u00e9gler votre commande \u00e0 l\u2019aide de l\u2019une des cartes de paiement suivantes :<\/p><ul><li>VISA<\/li><li>MasterCard<\/li><li>autres Cartes Bleues<\/li><\/ul><\/div>\n\t\t\t\t<\/div>\n\t\t\t\t\t\t\t<div class=\"elementor-toggle-item\">\n\t\t\t\t\t<div id=\"elementor-tab-title-7885\" class=\"elementor-tab-title\" data-tab=\"5\" role=\"button\" aria-controls=\"elementor-tab-content-7885\" aria-expanded=\"false\">\n\t\t\t\t\t\t\t\t\t\t\t\t<span class=\"elementor-toggle-icon elementor-toggle-icon-left\" aria-hidden=\"true\">\n\t\t\t\t\t\t\t\t\t\t\t\t\t\t\t<span class=\"elementor-toggle-icon-closed\"><i class=\"fas fa-caret-right\"><\/i><\/span>\n\t\t\t\t\t\t\t\t<span class=\"elementor-toggle-icon-opened\"><i class=\"elementor-toggle-icon-opened fas fa-caret-up\"><\/i><\/span>\n\t\t\t\t\t\t\t\t\t\t\t\t\t<\/span>\n\t\t\t\t\t\t\t\t\t\t\t\t<a class=\"elementor-toggle-title\" tabindex=\"0\">Article 5 \u2013 Disponibilit\u00e9 de la marchandise<\/a>\n\t\t\t\t\t<\/div>\n\n\t\t\t\t\t<div id=\"elementor-tab-content-7885\" class=\"elementor-tab-content elementor-clearfix\" data-tab=\"5\" role=\"region\" aria-labelledby=\"elementor-tab-title-7885\"><p>Dans l\u2019\u00e9ventualit\u00e9 d\u2019une indisponibilit\u00e9 de produit apr\u00e8s validation de votre commande, nous vous en informerons par mail. En cas de rupture de stock du produit command\u00e9, la Distillerie Jean Paul Mett\u00e9 informera le client dans les plus brefs d\u00e9lais.<\/p><\/div>\n\t\t\t\t<\/div>\n\t\t\t\t\t\t\t<div class=\"elementor-toggle-item\">\n\t\t\t\t\t<div id=\"elementor-tab-title-7886\" class=\"elementor-tab-title\" data-tab=\"6\" role=\"button\" aria-controls=\"elementor-tab-content-7886\" aria-expanded=\"false\">\n\t\t\t\t\t\t\t\t\t\t\t\t<span class=\"elementor-toggle-icon elementor-toggle-icon-left\" aria-hidden=\"true\">\n\t\t\t\t\t\t\t\t\t\t\t\t\t\t\t<span class=\"elementor-toggle-icon-closed\"><i class=\"fas fa-caret-right\"><\/i><\/span>\n\t\t\t\t\t\t\t\t<span class=\"elementor-toggle-icon-opened\"><i class=\"elementor-toggle-icon-opened fas fa-caret-up\"><\/i><\/span>\n\t\t\t\t\t\t\t\t\t\t\t\t\t<\/span>\n\t\t\t\t\t\t\t\t\t\t\t\t<a class=\"elementor-toggle-title\" tabindex=\"0\">Article 6 \u2013 Protection des Mineurs<\/a>\n\t\t\t\t\t<\/div>\n\n\t\t\t\t\t<div id=\"elementor-tab-content-7886\" class=\"elementor-tab-content elementor-clearfix\" data-tab=\"6\" role=\"region\" aria-labelledby=\"elementor-tab-title-7886\"><p>Conform\u00e9ment \u00e0 l\u2019article L. 3342-1 du Code de la Sant\u00e9 Publique qui stipule que la vente d\u2019alcool \u00e0 des mineurs est interdite, l\u2019acheteur confirme en validant sa commande sur le site DISTILLERIE-METTE.COM \u00e0 avoir dix huit (18) ans r\u00e9volus \u00e0 la date de la commande.<br \/>Article 7 \u2013 R\u00e9clamation<\/p><p>Toute r\u00e9clamation concernant des probl\u00e8mes de casse, perte ou vol de tout ou partie d\u2019une exp\u00e9dition, devra pour \u00eatre valable, \u00eatre faite au moment de la livraison aupr\u00e8s du transporteur, par une mention expresse sur le bulletin de livraison, puis nous \u00eatre confirm\u00e9e par courrier sous 48 heures.<\/p><p>Apr\u00e8s accord de nos services, les marchandises manquantes ou d\u00e9t\u00e9rior\u00e9es vous seront remplac\u00e9es gratuitement.<\/p><\/div>\n\t\t\t\t<\/div>\n\t\t\t\t\t\t\t<div class=\"elementor-toggle-item\">\n\t\t\t\t\t<div id=\"elementor-tab-title-7887\" class=\"elementor-tab-title\" data-tab=\"7\" role=\"button\" aria-controls=\"elementor-tab-content-7887\" aria-expanded=\"false\">\n\t\t\t\t\t\t\t\t\t\t\t\t<span class=\"elementor-toggle-icon elementor-toggle-icon-left\" aria-hidden=\"true\">\n\t\t\t\t\t\t\t\t\t\t\t\t\t\t\t<span class=\"elementor-toggle-icon-closed\"><i class=\"fas fa-caret-right\"><\/i><\/span>\n\t\t\t\t\t\t\t\t<span class=\"elementor-toggle-icon-opened\"><i class=\"elementor-toggle-icon-opened fas fa-caret-up\"><\/i><\/span>\n\t\t\t\t\t\t\t\t\t\t\t\t\t<\/span>\n\t\t\t\t\t\t\t\t\t\t\t\t<a class=\"elementor-toggle-title\" tabindex=\"0\">Article 7 \u2013 R\u00e9clamation<\/a>\n\t\t\t\t\t<\/div>\n\n\t\t\t\t\t<div id=\"elementor-tab-content-7887\" class=\"elementor-tab-content elementor-clearfix\" data-tab=\"7\" role=\"region\" aria-labelledby=\"elementor-tab-title-7887\"><p>Toute r\u00e9clamation concernant des probl\u00e8mes de casse, perte ou vol de tout ou partie d\u2019une exp\u00e9dition, devra pour \u00eatre valable, \u00eatre faite au moment de la livraison aupr\u00e8s du transporteur, par une mention expresse sur le bulletin de livraison, puis nous \u00eatre confirm\u00e9e par courrier sous 48 heures.<\/p><p>Apr\u00e8s accord de nos services, les marchandises manquantes ou d\u00e9t\u00e9rior\u00e9es vous seront remplac\u00e9es gratuitement.<\/p><\/div>\n\t\t\t\t<\/div>\n\t\t\t\t\t\t\t\t<\/div>\n\t\t\t\t\t\t<\/div>\n\t\t\t\t<\/div>\n\t\t\t\t\t<\/div>\n\t\t<\/div>\n\t\t\t\t\t<\/div>\n\t\t<\/section>\n\t\t\t\t<\/div>\n\t\t","protected":false},"excerpt":{"rendered":"<p>Terms and conditions Les pr\u00e9sentes Conditions G\u00e9n\u00e9rales de Vente s\u2019appliquent \u00e0 l\u2019exclusion de toutes autres conditions, notamment celles en vigueur pour les ventes effectu\u00e9es directement \u00e0 la Distillerie Jean Paul Mett\u00e9. Les commandes pass\u00e9es par l\u2019interm\u00e9diaire du site DISTILLERIE-METTE.COM sont soumises de plein droit aux pr\u00e9sentes Conditions G\u00e9n\u00e9rales. Article 1 \u2013 Commande Vous pouvez commander [&hellip;]<\/p>\n","protected":false},"author":1,"featured_media":0,"parent":0,"menu_order":0,"comment_status":"closed","ping_status":"closed","template":"","meta":{"_acf_changed":false,"footnotes":""},"class_list":["post-697","page","type-page","status-publish","hentry"],"acf":[],"yoast_head":"<!-- This site is optimized with the Yoast SEO plugin v27.4 - https:\/\/yoast.com\/product\/yoast-seo-wordpress\/ -->\n<title>Terms and conditions - Distillerie Mett\u00e9<\/title>\n<meta name=\"robots\" content=\"noindex, follow\" \/>\n<meta property=\"og:locale\" content=\"en_US\" \/>\n<meta property=\"og:type\" content=\"article\" \/>\n<meta property=\"og:title\" content=\"Terms and conditions - Distillerie Mett\u00e9\" \/>\n<meta property=\"og:description\" content=\"Terms and conditions Les pr\u00e9sentes Conditions G\u00e9n\u00e9rales de Vente s\u2019appliquent \u00e0 l\u2019exclusion de toutes autres conditions, notamment celles en vigueur pour les ventes effectu\u00e9es directement \u00e0 la Distillerie Jean Paul Mett\u00e9. Les commandes pass\u00e9es par l\u2019interm\u00e9diaire du site DISTILLERIE-METTE.COM sont soumises de plein droit aux pr\u00e9sentes Conditions G\u00e9n\u00e9rales. Article 1 \u2013 Commande Vous pouvez commander [&hellip;]\" \/>\n<meta property=\"og:url\" content=\"https:\/\/www.distillerie-mette.com\/en\/terms-and-conditions\/\" \/>\n<meta property=\"og:site_name\" content=\"Distillerie Mett\u00e9\" \/>\n<meta property=\"article:modified_time\" content=\"2022-07-25T15:52:30+00:00\" \/>\n<meta name=\"twitter:card\" content=\"summary_large_image\" \/>\n<meta name=\"twitter:label1\" content=\"Est. reading time\" \/>\n\t<meta name=\"twitter:data1\" content=\"3 minutes\" \/>\n<script type=\"application\/ld+json\" class=\"yoast-schema-graph\">{\"@context\":\"https:\\\/\\\/schema.org\",\"@graph\":[{\"@type\":\"WebPage\",\"@id\":\"https:\\\/\\\/www.distillerie-mette.com\\\/en\\\/terms-and-conditions\\\/\",\"url\":\"https:\\\/\\\/www.distillerie-mette.com\\\/en\\\/terms-and-conditions\\\/\",\"name\":\"Terms and conditions - Distillerie Mett\u00e9\",\"isPartOf\":{\"@id\":\"https:\\\/\\\/www.distillerie-mette.com\\\/en\\\/#website\"},\"datePublished\":\"2021-12-08T14:41:21+00:00\",\"dateModified\":\"2022-07-25T15:52:30+00:00\",\"breadcrumb\":{\"@id\":\"https:\\\/\\\/www.distillerie-mette.com\\\/en\\\/terms-and-conditions\\\/#breadcrumb\"},\"inLanguage\":\"en-US\",\"potentialAction\":[{\"@type\":\"ReadAction\",\"target\":[\"https:\\\/\\\/www.distillerie-mette.com\\\/en\\\/terms-and-conditions\\\/\"]}]},{\"@type\":\"BreadcrumbList\",\"@id\":\"https:\\\/\\\/www.distillerie-mette.com\\\/en\\\/terms-and-conditions\\\/#breadcrumb\",\"itemListElement\":[{\"@type\":\"ListItem\",\"position\":1,\"name\":\"Accueil\",\"item\":\"https:\\\/\\\/www.distillerie-mette.com\\\/en\\\/\"},{\"@type\":\"ListItem\",\"position\":2,\"name\":\"Terms and conditions\"}]},{\"@type\":\"WebSite\",\"@id\":\"https:\\\/\\\/www.distillerie-mette.com\\\/en\\\/#website\",\"url\":\"https:\\\/\\\/www.distillerie-mette.com\\\/en\\\/\",\"name\":\"Distillerie Mett\u00e9\",\"description\":\"\",\"potentialAction\":[{\"@type\":\"SearchAction\",\"target\":{\"@type\":\"EntryPoint\",\"urlTemplate\":\"https:\\\/\\\/www.distillerie-mette.com\\\/en\\\/?s={search_term_string}\"},\"query-input\":{\"@type\":\"PropertyValueSpecification\",\"valueRequired\":true,\"valueName\":\"search_term_string\"}}],\"inLanguage\":\"en-US\"}]}<\/script>\n<!-- \/ Yoast SEO plugin. -->","yoast_head_json":{"title":"Terms and conditions - Distillerie Mett\u00e9","robots":{"index":"noindex","follow":"follow"},"og_locale":"en_US","og_type":"article","og_title":"Terms and conditions - Distillerie Mett\u00e9","og_description":"Terms and conditions Les pr\u00e9sentes Conditions G\u00e9n\u00e9rales de Vente s\u2019appliquent \u00e0 l\u2019exclusion de toutes autres conditions, notamment celles en vigueur pour les ventes effectu\u00e9es directement \u00e0 la Distillerie Jean Paul Mett\u00e9. Les commandes pass\u00e9es par l\u2019interm\u00e9diaire du site DISTILLERIE-METTE.COM sont soumises de plein droit aux pr\u00e9sentes Conditions G\u00e9n\u00e9rales. Article 1 \u2013 Commande Vous pouvez commander [&hellip;]","og_url":"https:\/\/www.distillerie-mette.com\/en\/terms-and-conditions\/","og_site_name":"Distillerie Mett\u00e9","article_modified_time":"2022-07-25T15:52:30+00:00","twitter_card":"summary_large_image","twitter_misc":{"Est. reading time":"3 minutes"},"schema":{"@context":"https:\/\/schema.org","@graph":[{"@type":"WebPage","@id":"https:\/\/www.distillerie-mette.com\/en\/terms-and-conditions\/","url":"https:\/\/www.distillerie-mette.com\/en\/terms-and-conditions\/","name":"Terms and conditions - Distillerie Mett\u00e9","isPartOf":{"@id":"https:\/\/www.distillerie-mette.com\/en\/#website"},"datePublished":"2021-12-08T14:41:21+00:00","dateModified":"2022-07-25T15:52:30+00:00","breadcrumb":{"@id":"https:\/\/www.distillerie-mette.com\/en\/terms-and-conditions\/#breadcrumb"},"inLanguage":"en-US","potentialAction":[{"@type":"ReadAction","target":["https:\/\/www.distillerie-mette.com\/en\/terms-and-conditions\/"]}]},{"@type":"BreadcrumbList","@id":"https:\/\/www.distillerie-mette.com\/en\/terms-and-conditions\/#breadcrumb","itemListElement":[{"@type":"ListItem","position":1,"name":"Accueil","item":"https:\/\/www.distillerie-mette.com\/en\/"},{"@type":"ListItem","position":2,"name":"Terms and conditions"}]},{"@type":"WebSite","@id":"https:\/\/www.distillerie-mette.com\/en\/#website","url":"https:\/\/www.distillerie-mette.com\/en\/","name":"Distillerie Mett\u00e9","description":"","potentialAction":[{"@type":"SearchAction","target":{"@type":"EntryPoint","urlTemplate":"https:\/\/www.distillerie-mette.com\/en\/?s={search_term_string}"},"query-input":{"@type":"PropertyValueSpecification","valueRequired":true,"valueName":"search_term_string"}}],"inLanguage":"en-US"}]}},"_links":{"self":[{"href":"https:\/\/www.distillerie-mette.com\/en\/wp-json\/wp\/v2\/pages\/697","targetHints":{"allow":["GET"]}}],"collection":[{"href":"https:\/\/www.distillerie-mette.com\/en\/wp-json\/wp\/v2\/pages"}],"about":[{"href":"https:\/\/www.distillerie-mette.com\/en\/wp-json\/wp\/v2\/types\/page"}],"author":[{"embeddable":true,"href":"https:\/\/www.distillerie-mette.com\/en\/wp-json\/wp\/v2\/users\/1"}],"replies":[{"embeddable":true,"href":"https:\/\/www.distillerie-mette.com\/en\/wp-json\/wp\/v2\/comments?post=697"}],"version-history":[{"count":10,"href":"https:\/\/www.distillerie-mette.com\/en\/wp-json\/wp\/v2\/pages\/697\/revisions"}],"predecessor-version":[{"id":18691,"href":"https:\/\/www.distillerie-mette.com\/en\/wp-json\/wp\/v2\/pages\/697\/revisions\/18691"}],"wp:attachment":[{"href":"https:\/\/www.distillerie-mette.com\/en\/wp-json\/wp\/v2\/media?parent=697"}],"curies":[{"name":"wp","href":"https:\/\/api.w.org\/{rel}","templated":true}]}}