{"id":791,"date":"2021-11-30T15:42:34","date_gmt":"2021-12-09T16:05:19","guid":{"rendered":"https:\/\/www.distillerie-mette.com\/?post_type=product&#038;p=791"},"modified":"2022-02-04T16:53:21","modified_gmt":"2022-02-04T15:53:21","slug":"elderberry","status":"publish","type":"product","link":"https:\/\/www.distillerie-mette.com\/en\/shop\/elderberry\/","title":{"rendered":"<span class=\"product-type\">Eau de vie<\/span> <br>Elderberry"},"content":{"rendered":"<p>Baies de sureau noir sauvage r\u00e9colt\u00e9es vers la fin de l&#8217;\u00e9t\u00e9.<br \/>\nApr\u00e8s une mac\u00e9ration dans notre eau de vie de vin, elles sont distill\u00e9es une fois dans nos alambics \u00e0 repasse en cuivre.<br \/>\nNotre eau de vie de sureau noir est vieillie au moins un an en cuve inox avant d&#8217;\u00eatre embouteill\u00e9e.<br \/>\nConsommez la en digestif \u00e0 13\u00b0c dans un verre tulipe.<\/p>\n","protected":false},"excerpt":{"rendered":"<p>Couleur: transparent, limpide.<br \/>\nNez: v\u00e9g\u00e9tal, aux notes de cacao, de baies de fruits noirs.<br \/>\nPalais: suave, aux saveurs de fruits des bois, de fleurs et de cacao.<br \/>\nFinale: intense et persistante.<\/p>\n","protected":false},"featured_media":21332,"template":"","meta":{"_acf_changed":false},"product_brand":[],"product_cat":[128],"product_tag":[],"class_list":{"0":"post-791","1":"product","2":"type-product","3":"status-publish","4":"has-post-thumbnail","6":"product_cat-eaux-de-vie-obtained-by-maceration-and-distillation","7":"pa_contenance-50-cl-en","8":"pa_gammes-aromatiques-berries","9":"pa_procede-maceration-and-distillation","10":"pa_tav-45-en","11":"pa_type-de-boisson-eau-de-vie-en","13":"first","14":"instock","15":"taxable","16":"shipping-taxable","17":"purchasable","18":"product-type-simple"},"acf":[],"yoast_head":"<!-- This site is optimized with the Yoast SEO plugin v27.4 - https:\/\/yoast.com\/product\/yoast-seo-wordpress\/ -->\n<title>Eaux de Vie obtained by maceration and distillation d&#039;Alsace Elderberry - Distillerie Mett\u00e9<\/title>\n<meta name=\"description\" content=\"Achetez notre Eaux de Vie obtained by maceration and distillation d&#039;Alsace Elderberry au meilleur prix directement sur notre boutique en ligne. Frais de livraison offerts d\u00e8s 6 bouteilles achet\u00e9es.\" \/>\n<meta name=\"robots\" content=\"index, follow, max-snippet:-1, max-image-preview:large, max-video-preview:-1\" \/>\n<link rel=\"canonical\" href=\"https:\/\/www.distillerie-mette.com\/en\/shop\/elderberry\/\" \/>\n<meta property=\"og:locale\" content=\"en_US\" \/>\n<meta property=\"og:type\" content=\"article\" \/>\n<meta property=\"og:title\" content=\"Eaux de Vie obtained by maceration and distillation d&#039;Alsace Elderberry - Distillerie Mett\u00e9\" \/>\n<meta property=\"og:description\" content=\"Achetez notre Eaux de Vie obtained by maceration and distillation d&#039;Alsace Elderberry au meilleur prix directement sur notre boutique en ligne. Frais de livraison offerts d\u00e8s 6 bouteilles achet\u00e9es.\" \/>\n<meta property=\"og:url\" content=\"https:\/\/www.distillerie-mette.com\/en\/shop\/elderberry\/\" \/>\n<meta property=\"og:site_name\" content=\"Distillerie Mett\u00e9\" \/>\n<meta property=\"article:modified_time\" content=\"2022-02-04T15:53:21+00:00\" \/>\n<meta property=\"og:image\" content=\"https:\/\/www.distillerie-mette.com\/wp-content\/uploads\/2022\/03\/Eau-de-vie-sureau-noir.jpg\" \/>\n\t<meta property=\"og:image:width\" content=\"1000\" \/>\n\t<meta property=\"og:image:height\" content=\"1000\" \/>\n\t<meta property=\"og:image:type\" content=\"image\/jpeg\" \/>\n<meta name=\"twitter:card\" content=\"summary_large_image\" \/>\n<meta name=\"twitter:label1\" content=\"Est. reading time\" \/>\n\t<meta name=\"twitter:data1\" content=\"1 minute\" \/>\n<script type=\"application\/ld+json\" class=\"yoast-schema-graph\">{\"@context\":\"https:\\\/\\\/schema.org\",\"@graph\":[{\"@type\":\"WebPage\",\"@id\":\"https:\\\/\\\/www.distillerie-mette.com\\\/en\\\/shop\\\/elderberry\\\/\",\"url\":\"https:\\\/\\\/www.distillerie-mette.com\\\/en\\\/shop\\\/elderberry\\\/\",\"name\":\"Eaux de Vie obtained by maceration and distillation d'Alsace Elderberry - Distillerie Mett\u00e9\",\"isPartOf\":{\"@id\":\"https:\\\/\\\/www.distillerie-mette.com\\\/en\\\/#website\"},\"primaryImageOfPage\":{\"@id\":\"https:\\\/\\\/www.distillerie-mette.com\\\/en\\\/shop\\\/elderberry\\\/#primaryimage\"},\"image\":{\"@id\":\"https:\\\/\\\/www.distillerie-mette.com\\\/en\\\/shop\\\/elderberry\\\/#primaryimage\"},\"thumbnailUrl\":\"https:\\\/\\\/www.distillerie-mette.com\\\/wp-content\\\/uploads\\\/2021\\\/11\\\/Sureau-Noir.jpg\",\"datePublished\":\"2021-12-09T16:05:19+00:00\",\"dateModified\":\"2022-02-04T15:53:21+00:00\",\"description\":\"Achetez notre Eaux de Vie obtained by maceration and distillation d'Alsace Elderberry au meilleur prix directement sur notre boutique en ligne. Frais de livraison offerts d\u00e8s 6 bouteilles achet\u00e9es.\",\"breadcrumb\":{\"@id\":\"https:\\\/\\\/www.distillerie-mette.com\\\/en\\\/shop\\\/elderberry\\\/#breadcrumb\"},\"inLanguage\":\"en-US\",\"potentialAction\":[{\"@type\":\"ReadAction\",\"target\":[\"https:\\\/\\\/www.distillerie-mette.com\\\/en\\\/shop\\\/elderberry\\\/\"]}]},{\"@type\":\"ImageObject\",\"inLanguage\":\"en-US\",\"@id\":\"https:\\\/\\\/www.distillerie-mette.com\\\/en\\\/shop\\\/elderberry\\\/#primaryimage\",\"url\":\"https:\\\/\\\/www.distillerie-mette.com\\\/wp-content\\\/uploads\\\/2021\\\/11\\\/Sureau-Noir.jpg\",\"contentUrl\":\"https:\\\/\\\/www.distillerie-mette.com\\\/wp-content\\\/uploads\\\/2021\\\/11\\\/Sureau-Noir.jpg\",\"width\":1000,\"height\":1000,\"caption\":\"Eau de vie Sureau Noir - Distillerie Mett\u00e9\"},{\"@type\":\"BreadcrumbList\",\"@id\":\"https:\\\/\\\/www.distillerie-mette.com\\\/en\\\/shop\\\/elderberry\\\/#breadcrumb\",\"itemListElement\":[{\"@type\":\"ListItem\",\"position\":1,\"name\":\"Accueil\",\"item\":\"https:\\\/\\\/www.distillerie-mette.com\\\/en\\\/\"},{\"@type\":\"ListItem\",\"position\":2,\"name\":\"Shop\",\"item\":\"https:\\\/\\\/www.distillerie-mette.com\\\/en\\\/shop\\\/\"},{\"@type\":\"ListItem\",\"position\":3,\"name\":\"Elderberry\"}]},{\"@type\":\"WebSite\",\"@id\":\"https:\\\/\\\/www.distillerie-mette.com\\\/en\\\/#website\",\"url\":\"https:\\\/\\\/www.distillerie-mette.com\\\/en\\\/\",\"name\":\"Distillerie Mett\u00e9\",\"description\":\"\",\"potentialAction\":[{\"@type\":\"SearchAction\",\"target\":{\"@type\":\"EntryPoint\",\"urlTemplate\":\"https:\\\/\\\/www.distillerie-mette.com\\\/en\\\/?s={search_term_string}\"},\"query-input\":{\"@type\":\"PropertyValueSpecification\",\"valueRequired\":true,\"valueName\":\"search_term_string\"}}],\"inLanguage\":\"en-US\"}]}<\/script>\n<!-- \/ Yoast SEO plugin. -->","yoast_head_json":{"title":"Eaux de Vie obtained by maceration and distillation d'Alsace Elderberry - Distillerie Mett\u00e9","description":"Achetez notre Eaux de Vie obtained by maceration and distillation d'Alsace Elderberry au meilleur prix directement sur notre boutique en ligne. Frais de livraison offerts d\u00e8s 6 bouteilles achet\u00e9es.","robots":{"index":"index","follow":"follow","max-snippet":"max-snippet:-1","max-image-preview":"max-image-preview:large","max-video-preview":"max-video-preview:-1"},"canonical":"https:\/\/www.distillerie-mette.com\/en\/shop\/elderberry\/","og_locale":"en_US","og_type":"article","og_title":"Eaux de Vie obtained by maceration and distillation d'Alsace Elderberry - Distillerie Mett\u00e9","og_description":"Achetez notre Eaux de Vie obtained by maceration and distillation d'Alsace Elderberry au meilleur prix directement sur notre boutique en ligne. Frais de livraison offerts d\u00e8s 6 bouteilles achet\u00e9es.","og_url":"https:\/\/www.distillerie-mette.com\/en\/shop\/elderberry\/","og_site_name":"Distillerie Mett\u00e9","article_modified_time":"2022-02-04T15:53:21+00:00","og_image":[{"width":1000,"height":1000,"url":"https:\/\/www.distillerie-mette.com\/wp-content\/uploads\/2022\/03\/Eau-de-vie-sureau-noir.jpg","type":"image\/jpeg"}],"twitter_card":"summary_large_image","twitter_misc":{"Est. reading time":"1 minute"},"schema":{"@context":"https:\/\/schema.org","@graph":[{"@type":"WebPage","@id":"https:\/\/www.distillerie-mette.com\/en\/shop\/elderberry\/","url":"https:\/\/www.distillerie-mette.com\/en\/shop\/elderberry\/","name":"Eaux de Vie obtained by maceration and distillation d'Alsace Elderberry - Distillerie Mett\u00e9","isPartOf":{"@id":"https:\/\/www.distillerie-mette.com\/en\/#website"},"primaryImageOfPage":{"@id":"https:\/\/www.distillerie-mette.com\/en\/shop\/elderberry\/#primaryimage"},"image":{"@id":"https:\/\/www.distillerie-mette.com\/en\/shop\/elderberry\/#primaryimage"},"thumbnailUrl":"https:\/\/www.distillerie-mette.com\/wp-content\/uploads\/2021\/11\/Sureau-Noir.jpg","datePublished":"2021-12-09T16:05:19+00:00","dateModified":"2022-02-04T15:53:21+00:00","description":"Achetez notre Eaux de Vie obtained by maceration and distillation d'Alsace Elderberry au meilleur prix directement sur notre boutique en ligne. Frais de livraison offerts d\u00e8s 6 bouteilles achet\u00e9es.","breadcrumb":{"@id":"https:\/\/www.distillerie-mette.com\/en\/shop\/elderberry\/#breadcrumb"},"inLanguage":"en-US","potentialAction":[{"@type":"ReadAction","target":["https:\/\/www.distillerie-mette.com\/en\/shop\/elderberry\/"]}]},{"@type":"ImageObject","inLanguage":"en-US","@id":"https:\/\/www.distillerie-mette.com\/en\/shop\/elderberry\/#primaryimage","url":"https:\/\/www.distillerie-mette.com\/wp-content\/uploads\/2021\/11\/Sureau-Noir.jpg","contentUrl":"https:\/\/www.distillerie-mette.com\/wp-content\/uploads\/2021\/11\/Sureau-Noir.jpg","width":1000,"height":1000,"caption":"Eau de vie Sureau Noir - Distillerie Mett\u00e9"},{"@type":"BreadcrumbList","@id":"https:\/\/www.distillerie-mette.com\/en\/shop\/elderberry\/#breadcrumb","itemListElement":[{"@type":"ListItem","position":1,"name":"Accueil","item":"https:\/\/www.distillerie-mette.com\/en\/"},{"@type":"ListItem","position":2,"name":"Shop","item":"https:\/\/www.distillerie-mette.com\/en\/shop\/"},{"@type":"ListItem","position":3,"name":"Elderberry"}]},{"@type":"WebSite","@id":"https:\/\/www.distillerie-mette.com\/en\/#website","url":"https:\/\/www.distillerie-mette.com\/en\/","name":"Distillerie Mett\u00e9","description":"","potentialAction":[{"@type":"SearchAction","target":{"@type":"EntryPoint","urlTemplate":"https:\/\/www.distillerie-mette.com\/en\/?s={search_term_string}"},"query-input":{"@type":"PropertyValueSpecification","valueRequired":true,"valueName":"search_term_string"}}],"inLanguage":"en-US"}]}},"_links":{"self":[{"href":"https:\/\/www.distillerie-mette.com\/en\/wp-json\/wp\/v2\/product\/791","targetHints":{"allow":["GET"]}}],"collection":[{"href":"https:\/\/www.distillerie-mette.com\/en\/wp-json\/wp\/v2\/product"}],"about":[{"href":"https:\/\/www.distillerie-mette.com\/en\/wp-json\/wp\/v2\/types\/product"}],"wp:featuredmedia":[{"embeddable":true,"href":"https:\/\/www.distillerie-mette.com\/en\/wp-json\/wp\/v2\/media\/21332"}],"wp:attachment":[{"href":"https:\/\/www.distillerie-mette.com\/en\/wp-json\/wp\/v2\/media?parent=791"}],"wp:term":[{"taxonomy":"product_brand","embeddable":true,"href":"https:\/\/www.distillerie-mette.com\/en\/wp-json\/wp\/v2\/product_brand?post=791"},{"taxonomy":"product_cat","embeddable":true,"href":"https:\/\/www.distillerie-mette.com\/en\/wp-json\/wp\/v2\/product_cat?post=791"},{"taxonomy":"product_tag","embeddable":true,"href":"https:\/\/www.distillerie-mette.com\/en\/wp-json\/wp\/v2\/product_tag?post=791"}],"curies":[{"name":"wp","href":"https:\/\/api.w.org\/{rel}","templated":true}]}}