{"id":815,"date":"2021-11-30T15:42:47","date_gmt":"2021-12-09T16:08:49","guid":{"rendered":"https:\/\/www.distillerie-mette.com\/?post_type=product&#038;p=815"},"modified":"2022-02-04T16:46:36","modified_gmt":"2022-02-04T15:46:36","slug":"pinebud","status":"publish","type":"product","link":"https:\/\/www.distillerie-mette.com\/en\/shop\/pinebud\/","title":{"rendered":"<span class=\"product-type\">Spirit drink<\/span> <br>Pinebud"},"content":{"rendered":"<p>Bourgeons de sapin r\u00e9colt\u00e9s \u00e0 la fin mai\/d\u00e9but juin.<br \/>\nApr\u00e8s une mac\u00e9ration dans notre eau de vie de vin, ils sont distill\u00e9s une fois dans nos alambics \u00e0 repasse en cuivre.<br \/>\nNotre spiritueux de bourgeon de sapin est vieilli au moins un an en cuve inox avant d&#8217;\u00eatre embouteill\u00e9.<br \/>\nConsommez le en digestif \u00e0 13\u00b0c dans un verre tulipe.<\/p>\n","protected":false},"excerpt":{"rendered":"<p>Couleur : transparent, limpide.<br \/>\nNez : d\u00e9licat, aux notes r\u00e9sineuses et citronn\u00e9es.<br \/>\nPalais : charmeur et frais, aux saveurs de pin, finement menthol\u00e9es et de aux notes l\u00e9g\u00e8res de c\u00e9drat.<br \/>\nFinale : longue et fra\u00eeche.<\/p>\n","protected":false},"featured_media":21364,"template":"","meta":{"_acf_changed":false},"product_brand":[],"product_cat":[102],"product_tag":[],"class_list":{"0":"post-815","1":"product","2":"type-product","3":"status-publish","4":"has-post-thumbnail","6":"product_cat-spirit-drinks","7":"pa_contenance-50-cl-en","8":"pa_gammes-aromatiques-flowers-buds","9":"pa_tav-45-en","10":"pa_type-de-boisson-spirit-drink","12":"first","13":"instock","14":"taxable","15":"shipping-taxable","16":"purchasable","17":"product-type-simple"},"acf":[],"yoast_head":"<!-- This site is optimized with the Yoast SEO plugin v27.4 - https:\/\/yoast.com\/product\/yoast-seo-wordpress\/ -->\n<title>Spirit Drinks d&#039;Alsace Pinebud - Distillerie Mett\u00e9<\/title>\n<meta name=\"description\" content=\"Achetez notre Spirit Drinks d&#039;Alsace Pinebud au meilleur prix directement sur notre boutique en ligne. Frais de livraison offerts d\u00e8s 6 bouteilles achet\u00e9es.\" \/>\n<meta name=\"robots\" content=\"index, follow, max-snippet:-1, max-image-preview:large, max-video-preview:-1\" \/>\n<link rel=\"canonical\" href=\"https:\/\/www.distillerie-mette.com\/en\/shop\/pinebud\/\" \/>\n<meta property=\"og:locale\" content=\"en_US\" \/>\n<meta property=\"og:type\" content=\"article\" \/>\n<meta property=\"og:title\" content=\"Spirit Drinks d&#039;Alsace Pinebud - Distillerie Mett\u00e9\" \/>\n<meta property=\"og:description\" content=\"Achetez notre Spirit Drinks d&#039;Alsace Pinebud au meilleur prix directement sur notre boutique en ligne. Frais de livraison offerts d\u00e8s 6 bouteilles achet\u00e9es.\" \/>\n<meta property=\"og:url\" content=\"https:\/\/www.distillerie-mette.com\/en\/shop\/pinebud\/\" \/>\n<meta property=\"og:site_name\" content=\"Distillerie Mett\u00e9\" \/>\n<meta property=\"article:modified_time\" content=\"2022-02-04T15:46:36+00:00\" \/>\n<meta property=\"og:image\" content=\"https:\/\/www.distillerie-mette.com\/wp-content\/uploads\/2022\/03\/Eau-de-vie-bourgeon-de-sapin.jpg\" \/>\n\t<meta property=\"og:image:width\" content=\"1000\" \/>\n\t<meta property=\"og:image:height\" content=\"1000\" \/>\n\t<meta property=\"og:image:type\" content=\"image\/jpeg\" \/>\n<meta name=\"twitter:card\" content=\"summary_large_image\" \/>\n<meta name=\"twitter:label1\" content=\"Est. reading time\" \/>\n\t<meta name=\"twitter:data1\" content=\"1 minute\" \/>\n<script type=\"application\/ld+json\" class=\"yoast-schema-graph\">{\"@context\":\"https:\\\/\\\/schema.org\",\"@graph\":[{\"@type\":\"WebPage\",\"@id\":\"https:\\\/\\\/www.distillerie-mette.com\\\/en\\\/shop\\\/pinebud\\\/\",\"url\":\"https:\\\/\\\/www.distillerie-mette.com\\\/en\\\/shop\\\/pinebud\\\/\",\"name\":\"Spirit Drinks d'Alsace Pinebud - Distillerie Mett\u00e9\",\"isPartOf\":{\"@id\":\"https:\\\/\\\/www.distillerie-mette.com\\\/en\\\/#website\"},\"primaryImageOfPage\":{\"@id\":\"https:\\\/\\\/www.distillerie-mette.com\\\/en\\\/shop\\\/pinebud\\\/#primaryimage\"},\"image\":{\"@id\":\"https:\\\/\\\/www.distillerie-mette.com\\\/en\\\/shop\\\/pinebud\\\/#primaryimage\"},\"thumbnailUrl\":\"https:\\\/\\\/www.distillerie-mette.com\\\/wp-content\\\/uploads\\\/2021\\\/11\\\/Bourgeon-de-Sapin.jpg\",\"datePublished\":\"2021-12-09T16:08:49+00:00\",\"dateModified\":\"2022-02-04T15:46:36+00:00\",\"description\":\"Achetez notre Spirit Drinks d'Alsace Pinebud au meilleur prix directement sur notre boutique en ligne. Frais de livraison offerts d\u00e8s 6 bouteilles achet\u00e9es.\",\"breadcrumb\":{\"@id\":\"https:\\\/\\\/www.distillerie-mette.com\\\/en\\\/shop\\\/pinebud\\\/#breadcrumb\"},\"inLanguage\":\"en-US\",\"potentialAction\":[{\"@type\":\"ReadAction\",\"target\":[\"https:\\\/\\\/www.distillerie-mette.com\\\/en\\\/shop\\\/pinebud\\\/\"]}]},{\"@type\":\"ImageObject\",\"inLanguage\":\"en-US\",\"@id\":\"https:\\\/\\\/www.distillerie-mette.com\\\/en\\\/shop\\\/pinebud\\\/#primaryimage\",\"url\":\"https:\\\/\\\/www.distillerie-mette.com\\\/wp-content\\\/uploads\\\/2021\\\/11\\\/Bourgeon-de-Sapin.jpg\",\"contentUrl\":\"https:\\\/\\\/www.distillerie-mette.com\\\/wp-content\\\/uploads\\\/2021\\\/11\\\/Bourgeon-de-Sapin.jpg\",\"width\":1000,\"height\":1000,\"caption\":\"Eau de vie Bourgeon de Sapin - Distillerie Mett\u00e9\"},{\"@type\":\"BreadcrumbList\",\"@id\":\"https:\\\/\\\/www.distillerie-mette.com\\\/en\\\/shop\\\/pinebud\\\/#breadcrumb\",\"itemListElement\":[{\"@type\":\"ListItem\",\"position\":1,\"name\":\"Accueil\",\"item\":\"https:\\\/\\\/www.distillerie-mette.com\\\/en\\\/\"},{\"@type\":\"ListItem\",\"position\":2,\"name\":\"Shop\",\"item\":\"https:\\\/\\\/www.distillerie-mette.com\\\/en\\\/shop\\\/\"},{\"@type\":\"ListItem\",\"position\":3,\"name\":\"Pinebud\"}]},{\"@type\":\"WebSite\",\"@id\":\"https:\\\/\\\/www.distillerie-mette.com\\\/en\\\/#website\",\"url\":\"https:\\\/\\\/www.distillerie-mette.com\\\/en\\\/\",\"name\":\"Distillerie Mett\u00e9\",\"description\":\"\",\"potentialAction\":[{\"@type\":\"SearchAction\",\"target\":{\"@type\":\"EntryPoint\",\"urlTemplate\":\"https:\\\/\\\/www.distillerie-mette.com\\\/en\\\/?s={search_term_string}\"},\"query-input\":{\"@type\":\"PropertyValueSpecification\",\"valueRequired\":true,\"valueName\":\"search_term_string\"}}],\"inLanguage\":\"en-US\"}]}<\/script>\n<!-- \/ Yoast SEO plugin. -->","yoast_head_json":{"title":"Spirit Drinks d'Alsace Pinebud - Distillerie Mett\u00e9","description":"Achetez notre Spirit Drinks d'Alsace Pinebud au meilleur prix directement sur notre boutique en ligne. Frais de livraison offerts d\u00e8s 6 bouteilles achet\u00e9es.","robots":{"index":"index","follow":"follow","max-snippet":"max-snippet:-1","max-image-preview":"max-image-preview:large","max-video-preview":"max-video-preview:-1"},"canonical":"https:\/\/www.distillerie-mette.com\/en\/shop\/pinebud\/","og_locale":"en_US","og_type":"article","og_title":"Spirit Drinks d'Alsace Pinebud - Distillerie Mett\u00e9","og_description":"Achetez notre Spirit Drinks d'Alsace Pinebud au meilleur prix directement sur notre boutique en ligne. Frais de livraison offerts d\u00e8s 6 bouteilles achet\u00e9es.","og_url":"https:\/\/www.distillerie-mette.com\/en\/shop\/pinebud\/","og_site_name":"Distillerie Mett\u00e9","article_modified_time":"2022-02-04T15:46:36+00:00","og_image":[{"width":1000,"height":1000,"url":"https:\/\/www.distillerie-mette.com\/wp-content\/uploads\/2022\/03\/Eau-de-vie-bourgeon-de-sapin.jpg","type":"image\/jpeg"}],"twitter_card":"summary_large_image","twitter_misc":{"Est. reading time":"1 minute"},"schema":{"@context":"https:\/\/schema.org","@graph":[{"@type":"WebPage","@id":"https:\/\/www.distillerie-mette.com\/en\/shop\/pinebud\/","url":"https:\/\/www.distillerie-mette.com\/en\/shop\/pinebud\/","name":"Spirit Drinks d'Alsace Pinebud - Distillerie Mett\u00e9","isPartOf":{"@id":"https:\/\/www.distillerie-mette.com\/en\/#website"},"primaryImageOfPage":{"@id":"https:\/\/www.distillerie-mette.com\/en\/shop\/pinebud\/#primaryimage"},"image":{"@id":"https:\/\/www.distillerie-mette.com\/en\/shop\/pinebud\/#primaryimage"},"thumbnailUrl":"https:\/\/www.distillerie-mette.com\/wp-content\/uploads\/2021\/11\/Bourgeon-de-Sapin.jpg","datePublished":"2021-12-09T16:08:49+00:00","dateModified":"2022-02-04T15:46:36+00:00","description":"Achetez notre Spirit Drinks d'Alsace Pinebud au meilleur prix directement sur notre boutique en ligne. Frais de livraison offerts d\u00e8s 6 bouteilles achet\u00e9es.","breadcrumb":{"@id":"https:\/\/www.distillerie-mette.com\/en\/shop\/pinebud\/#breadcrumb"},"inLanguage":"en-US","potentialAction":[{"@type":"ReadAction","target":["https:\/\/www.distillerie-mette.com\/en\/shop\/pinebud\/"]}]},{"@type":"ImageObject","inLanguage":"en-US","@id":"https:\/\/www.distillerie-mette.com\/en\/shop\/pinebud\/#primaryimage","url":"https:\/\/www.distillerie-mette.com\/wp-content\/uploads\/2021\/11\/Bourgeon-de-Sapin.jpg","contentUrl":"https:\/\/www.distillerie-mette.com\/wp-content\/uploads\/2021\/11\/Bourgeon-de-Sapin.jpg","width":1000,"height":1000,"caption":"Eau de vie Bourgeon de Sapin - Distillerie Mett\u00e9"},{"@type":"BreadcrumbList","@id":"https:\/\/www.distillerie-mette.com\/en\/shop\/pinebud\/#breadcrumb","itemListElement":[{"@type":"ListItem","position":1,"name":"Accueil","item":"https:\/\/www.distillerie-mette.com\/en\/"},{"@type":"ListItem","position":2,"name":"Shop","item":"https:\/\/www.distillerie-mette.com\/en\/shop\/"},{"@type":"ListItem","position":3,"name":"Pinebud"}]},{"@type":"WebSite","@id":"https:\/\/www.distillerie-mette.com\/en\/#website","url":"https:\/\/www.distillerie-mette.com\/en\/","name":"Distillerie Mett\u00e9","description":"","potentialAction":[{"@type":"SearchAction","target":{"@type":"EntryPoint","urlTemplate":"https:\/\/www.distillerie-mette.com\/en\/?s={search_term_string}"},"query-input":{"@type":"PropertyValueSpecification","valueRequired":true,"valueName":"search_term_string"}}],"inLanguage":"en-US"}]}},"_links":{"self":[{"href":"https:\/\/www.distillerie-mette.com\/en\/wp-json\/wp\/v2\/product\/815","targetHints":{"allow":["GET"]}}],"collection":[{"href":"https:\/\/www.distillerie-mette.com\/en\/wp-json\/wp\/v2\/product"}],"about":[{"href":"https:\/\/www.distillerie-mette.com\/en\/wp-json\/wp\/v2\/types\/product"}],"wp:featuredmedia":[{"embeddable":true,"href":"https:\/\/www.distillerie-mette.com\/en\/wp-json\/wp\/v2\/media\/21364"}],"wp:attachment":[{"href":"https:\/\/www.distillerie-mette.com\/en\/wp-json\/wp\/v2\/media?parent=815"}],"wp:term":[{"taxonomy":"product_brand","embeddable":true,"href":"https:\/\/www.distillerie-mette.com\/en\/wp-json\/wp\/v2\/product_brand?post=815"},{"taxonomy":"product_cat","embeddable":true,"href":"https:\/\/www.distillerie-mette.com\/en\/wp-json\/wp\/v2\/product_cat?post=815"},{"taxonomy":"product_tag","embeddable":true,"href":"https:\/\/www.distillerie-mette.com\/en\/wp-json\/wp\/v2\/product_tag?post=815"}],"curies":[{"name":"wp","href":"https:\/\/api.w.org\/{rel}","templated":true}]}}